{"id":19226,"date":"2019-11-26T19:20:00","date_gmt":"2019-11-26T16:20:00","guid":{"rendered":"https:\/\/egitim.tossfed.gov.tr\/?page_id=19226"},"modified":"2023-05-05T18:47:54","modified_gmt":"2023-05-05T18:47:54","slug":"gulsun-tekalp","status":"publish","type":"page","link":"https:\/\/tekalp.com\/","title":{"rendered":"G\u00dcLS\u00dcN TEKALP"},"content":{"rendered":"<p>G\u00fcls\u00fcn TEKALP<\/p>\n<p>\u00d6zel E\u011fitim alan\u0131na \u00c7ocuk Geli\u015fimci olarak ba\u015flayan ve \u00f6zel gereksinimli bireylerin\u00a0 hayatlar\u0131nda bir\u00e7ok \u00f6nemli de\u011fi\u015fimi sa\u011flad\u0131ktan sonra 2006 y\u0131l\u0131nda \u00d6zel E\u011fitim Okulu a\u00e7m\u0131\u015ft\u0131r.<\/p>\n<p>\u00d6zel Karaca \u00d6zel E\u011fitim ve Rehabilitasyon Merkezi Adana Karaisal\u0131 il\u00e7e merkezinde hizmet vermektedir.<\/p>\n<p><a href=\"https:\/\/karacarehabilitasyon.tekalp.com\">Kurumumuz<\/a><\/p>\n","protected":false},"excerpt":{"rendered":"<p>G\u00fcls\u00fcn TEKALP \u00d6zel E\u011fitim alan\u0131na \u00c7ocuk Geli\u015fimci olarak ba\u015flayan ve \u00f6zel gereksinimli bireylerin\u00a0 hayatlar\u0131nda bir\u00e7ok \u00f6nemli de\u011fi\u015fimi sa\u011flad\u0131ktan sonra 2006 y\u0131l\u0131nda \u00d6zel E\u011fitim Okulu a\u00e7m\u0131\u015ft\u0131r. \u00d6zel Karaca \u00d6zel E\u011fitim ve Rehabilitasyon Merkezi Adana Karaisal\u0131 il\u00e7e merkezinde hizmet vermektedir. Kurumumuz<\/p>\n","protected":false},"author":1,"featured_media":0,"parent":0,"menu_order":0,"comment_status":"closed","ping_status":"closed","template":"","meta":{"footnotes":""},"class_list":["post-19226","page","type-page","status-publish","hentry"],"aioseo_notices":[],"_links":{"self":[{"href":"https:\/\/tekalp.com\/index.php?rest_route=\/wp\/v2\/pages\/19226","targetHints":{"allow":["GET"]}}],"collection":[{"href":"https:\/\/tekalp.com\/index.php?rest_route=\/wp\/v2\/pages"}],"about":[{"href":"https:\/\/tekalp.com\/index.php?rest_route=\/wp\/v2\/types\/page"}],"author":[{"embeddable":true,"href":"https:\/\/tekalp.com\/index.php?rest_route=\/wp\/v2\/users\/1"}],"replies":[{"embeddable":true,"href":"https:\/\/tekalp.com\/index.php?rest_route=%2Fwp%2Fv2%2Fcomments&post=19226"}],"version-history":[{"count":0,"href":"https:\/\/tekalp.com\/index.php?rest_route=\/wp\/v2\/pages\/19226\/revisions"}],"wp:attachment":[{"href":"https:\/\/tekalp.com\/index.php?rest_route=%2Fwp%2Fv2%2Fmedia&parent=19226"}],"curies":[{"name":"wp","href":"https:\/\/api.w.org\/{rel}","templated":true}]}}