{"id":19274,"date":"2019-11-26T19:27:29","date_gmt":"2019-11-26T16:27:29","guid":{"rendered":"https:\/\/egitim.tossfed.gov.tr\/?page_id=19271"},"modified":"2023-01-02T18:07:29","modified_gmt":"2023-01-02T18:07:29","slug":"atletizm","status":"publish","type":"page","link":"https:\/\/tekalp.com\/?page_id=19274","title":{"rendered":"ATLET\u0130ZM"},"content":{"rendered":"<p><strong>\u00d6ZEL ATLET\u0130ZM ATLAMALAR\u00a0<\/strong><\/p>\n<p><strong>\u00d6ZEL ATLET\u0130ZM ATMALAR\u00a0<\/strong><\/p>\n<p><strong>\u00d6ZEL ATLET\u0130ZM KO\u015eULAR\u00a0<\/strong><\/p>\n","protected":false},"excerpt":{"rendered":"<p>\u00d6ZEL ATLET\u0130ZM ATLAMALAR\u00a0 \u00d6ZEL ATLET\u0130ZM ATMALAR\u00a0 \u00d6ZEL ATLET\u0130ZM KO\u015eULAR\u00a0<\/p>\n","protected":false},"author":1,"featured_media":0,"parent":0,"menu_order":0,"comment_status":"closed","ping_status":"closed","template":"","meta":{"footnotes":""},"class_list":["post-19274","page","type-page","status-publish","hentry"],"aioseo_notices":[],"_links":{"self":[{"href":"https:\/\/tekalp.com\/index.php?rest_route=\/wp\/v2\/pages\/19274","targetHints":{"allow":["GET"]}}],"collection":[{"href":"https:\/\/tekalp.com\/index.php?rest_route=\/wp\/v2\/pages"}],"about":[{"href":"https:\/\/tekalp.com\/index.php?rest_route=\/wp\/v2\/types\/page"}],"author":[{"embeddable":true,"href":"https:\/\/tekalp.com\/index.php?rest_route=\/wp\/v2\/users\/1"}],"replies":[{"embeddable":true,"href":"https:\/\/tekalp.com\/index.php?rest_route=%2Fwp%2Fv2%2Fcomments&post=19274"}],"version-history":[{"count":0,"href":"https:\/\/tekalp.com\/index.php?rest_route=\/wp\/v2\/pages\/19274\/revisions"}],"wp:attachment":[{"href":"https:\/\/tekalp.com\/index.php?rest_route=%2Fwp%2Fv2%2Fmedia&parent=19274"}],"curies":[{"name":"wp","href":"https:\/\/api.w.org\/{rel}","templated":true}]}}