{"id":19281,"date":"2019-11-26T19:27:45","date_gmt":"2019-11-26T16:27:45","guid":{"rendered":"https:\/\/egitim.tossfed.gov.tr\/?page_id=19281"},"modified":"2019-11-26T19:27:45","modified_gmt":"2019-11-26T16:27:45","slug":"yuzme","status":"publish","type":"page","link":"https:\/\/tekalp.com\/?page_id=19281","title":{"rendered":"Y\u00dcZME"},"content":{"rendered":"<p><strong><a href=\"\/wp-content\/uploads\/2019\/11\/Ozel-Yuzeme-1Duzey-Kurs-Programi.pdf\" target=\"_blank\" rel=\"noopener noreferrer\">Z\u0130H\u0130NSEL ENGELL\u0130LER \u00d6ZEL Y\u00dcZME KURS PROGRAMI D\u00dcZEY 1<\/a><\/strong><\/p>\n","protected":false},"excerpt":{"rendered":"<p>Z\u0130H\u0130NSEL ENGELL\u0130LER \u00d6ZEL Y\u00dcZME KURS PROGRAMI D\u00dcZEY 1<\/p>\n","protected":false},"author":1,"featured_media":0,"parent":0,"menu_order":0,"comment_status":"closed","ping_status":"closed","template":"","meta":{"footnotes":""},"class_list":["post-19281","page","type-page","status-publish","hentry"],"aioseo_notices":[],"_links":{"self":[{"href":"https:\/\/tekalp.com\/index.php?rest_route=\/wp\/v2\/pages\/19281","targetHints":{"allow":["GET"]}}],"collection":[{"href":"https:\/\/tekalp.com\/index.php?rest_route=\/wp\/v2\/pages"}],"about":[{"href":"https:\/\/tekalp.com\/index.php?rest_route=\/wp\/v2\/types\/page"}],"author":[{"embeddable":true,"href":"https:\/\/tekalp.com\/index.php?rest_route=\/wp\/v2\/users\/1"}],"replies":[{"embeddable":true,"href":"https:\/\/tekalp.com\/index.php?rest_route=%2Fwp%2Fv2%2Fcomments&post=19281"}],"version-history":[{"count":0,"href":"https:\/\/tekalp.com\/index.php?rest_route=\/wp\/v2\/pages\/19281\/revisions"}],"wp:attachment":[{"href":"https:\/\/tekalp.com\/index.php?rest_route=%2Fwp%2Fv2%2Fmedia&parent=19281"}],"curies":[{"name":"wp","href":"https:\/\/api.w.org\/{rel}","templated":true}]}}