{"id":19672,"date":"2023-01-02T18:01:56","date_gmt":"2023-01-02T18:01:56","guid":{"rendered":"https:\/\/tekalp.com\/?page_id=19672"},"modified":"2024-04-21T15:58:18","modified_gmt":"2024-04-21T15:58:18","slug":"gonullu","status":"publish","type":"page","link":"https:\/\/tekalp.com\/?page_id=19672","title":{"rendered":"G\u00d6N\u00dcLL\u00dc"},"content":{"rendered":"<p>Paralimpik Spor Kul\u00fcb\u00fc ile G\u00f6n\u00fcll\u00fc hareketine kat\u0131lmak istermisiniz?<\/p>\n","protected":false},"excerpt":{"rendered":"<p>Paralimpik Spor Kul\u00fcb\u00fc ile G\u00f6n\u00fcll\u00fc hareketine kat\u0131lmak istermisiniz?<\/p>\n","protected":false},"author":1,"featured_media":0,"parent":0,"menu_order":0,"comment_status":"closed","ping_status":"closed","template":"","meta":{"footnotes":""},"class_list":["post-19672","page","type-page","status-publish","hentry"],"aioseo_notices":[],"_links":{"self":[{"href":"https:\/\/tekalp.com\/index.php?rest_route=\/wp\/v2\/pages\/19672","targetHints":{"allow":["GET"]}}],"collection":[{"href":"https:\/\/tekalp.com\/index.php?rest_route=\/wp\/v2\/pages"}],"about":[{"href":"https:\/\/tekalp.com\/index.php?rest_route=\/wp\/v2\/types\/page"}],"author":[{"embeddable":true,"href":"https:\/\/tekalp.com\/index.php?rest_route=\/wp\/v2\/users\/1"}],"replies":[{"embeddable":true,"href":"https:\/\/tekalp.com\/index.php?rest_route=%2Fwp%2Fv2%2Fcomments&post=19672"}],"version-history":[{"count":0,"href":"https:\/\/tekalp.com\/index.php?rest_route=\/wp\/v2\/pages\/19672\/revisions"}],"wp:attachment":[{"href":"https:\/\/tekalp.com\/index.php?rest_route=%2Fwp%2Fv2%2Fmedia&parent=19672"}],"curies":[{"name":"wp","href":"https:\/\/api.w.org\/{rel}","templated":true}]}}