{"id":924,"date":"2014-07-21T17:29:52","date_gmt":"2014-07-21T14:29:52","guid":{"rendered":"http:\/\/tossfed.gov.tr\/?page_id=924"},"modified":"2014-07-21T17:29:52","modified_gmt":"2014-07-21T14:29:52","slug":"iletisim","status":"publish","type":"page","link":"https:\/\/tekalp.com\/?page_id=924","title":{"rendered":"\u0130LET\u0130\u015e\u0130M"},"content":{"rendered":"<p>[one_half]<\/p>\n<h2>HAR\u0130TA<\/h2>\n<p><iframe loading=\"lazy\" src=\"https:\/\/www.google.com\/maps\/d\/embed?mid=11nvZMcTAPv4bxW40VTVh2roNYJQ&amp;hl=tr\" width=\"557\" height=\"485\"><\/iframe><br \/>\n[\/one_half]<br \/>\n[one_half_last]<\/p>\n<h2>\u0130LET\u0130\u015e\u0130M B\u0130LG\u0130LER\u0130<\/h2>\n<p><img loading=\"lazy\" decoding=\"async\" class=\"alignleft size-full wp-image-782\" src=\"\/wp-content\/uploads\/2014\/07\/a1.png\" alt=\"a1\" width=\"59\" height=\"60\" \/><strong>Adres:<\/strong><br \/>\nT\u00dcRK\u0130YE \u00d6ZEL SPORCULAR SPOR FEDERASYONU BA\u015eKANLI\u011eI<br \/>\nK\u00dcLT\u00dcR MAH. Z\u0130YA G\u00d6KALP CAD. 22 \/ 32 KIZILAY \/ \u00c7ANKAYA \/ ANKARA<br \/>\n[divider]<br \/>\n<img loading=\"lazy\" decoding=\"async\" class=\"alignleft size-full wp-image-791\" src=\"\/wp-content\/uploads\/2014\/07\/a2.png\" alt=\"a2\" width=\"59\" height=\"60\" \/><strong>Telefon:<\/strong><br \/>\n(0312)\u00a0311 5895<\/p>\n<p>[divider]<br \/>\n<img loading=\"lazy\" decoding=\"async\" class=\"alignleft size-full wp-image-795\" src=\"\/wp-content\/uploads\/2014\/07\/fax.png\" alt=\"fax\" width=\"60\" height=\"60\" \/><strong>Faks:<\/strong><br \/>\n(0312) 311 9628<br \/>\n[divider]<br \/>\n<img loading=\"lazy\" decoding=\"async\" class=\"alignleft  wp-image-800\" src=\"\/wp-content\/uploads\/2014\/07\/a3.png\" alt=\"a3\" width=\"62\" height=\"63\" \/><br \/>\n<strong>tossfedegitimkurulu@gmail.com<\/strong>[\/one_half_last]<br \/>\n[divider]<\/p>\n<p>&nbsp;<\/p>\n<h2>Bize Yaz\u0131n:<\/h2>\n","protected":false},"excerpt":{"rendered":"<p>[one_half] HAR\u0130TA [\/one_half] [one_half_last] \u0130LET\u0130\u015e\u0130M B\u0130LG\u0130LER\u0130 Adres: T\u00dcRK\u0130YE \u00d6ZEL SPORCULAR SPOR FEDERASYONU BA\u015eKANLI\u011eI K\u00dcLT\u00dcR MAH. Z\u0130YA G\u00d6KALP CAD. 22 \/ 32 KIZILAY \/ \u00c7ANKAYA \/ ANKARA [divider] Telefon: (0312)\u00a0311 5895 [divider] Faks: (0312) 311 9628 [divider] tossfedegitimkurulu@gmail.com[\/one_half_last] [divider] &nbsp; Bize Yaz\u0131n:<\/p>\n","protected":false},"author":1,"featured_media":0,"parent":0,"menu_order":0,"comment_status":"closed","ping_status":"closed","template":"","meta":{"footnotes":""},"class_list":["post-924","page","type-page","status-publish","hentry"],"aioseo_notices":[],"_links":{"self":[{"href":"https:\/\/tekalp.com\/index.php?rest_route=\/wp\/v2\/pages\/924","targetHints":{"allow":["GET"]}}],"collection":[{"href":"https:\/\/tekalp.com\/index.php?rest_route=\/wp\/v2\/pages"}],"about":[{"href":"https:\/\/tekalp.com\/index.php?rest_route=\/wp\/v2\/types\/page"}],"author":[{"embeddable":true,"href":"https:\/\/tekalp.com\/index.php?rest_route=\/wp\/v2\/users\/1"}],"replies":[{"embeddable":true,"href":"https:\/\/tekalp.com\/index.php?rest_route=%2Fwp%2Fv2%2Fcomments&post=924"}],"version-history":[{"count":0,"href":"https:\/\/tekalp.com\/index.php?rest_route=\/wp\/v2\/pages\/924\/revisions"}],"wp:attachment":[{"href":"https:\/\/tekalp.com\/index.php?rest_route=%2Fwp%2Fv2%2Fmedia&parent=924"}],"curies":[{"name":"wp","href":"https:\/\/api.w.org\/{rel}","templated":true}]}}